{"id":9,"date":"2016-05-16T14:11:04","date_gmt":"2016-05-16T12:11:04","guid":{"rendered":"http:\/\/www.vlh-bottrop.de\/?page_id=9"},"modified":"2018-01-17T09:54:22","modified_gmt":"2018-01-17T08:54:22","slug":"beratungsstelle","status":"publish","type":"page","link":"https:\/\/www.vlh-bottrop.de\/index.php\/beratungsstelle\/","title":{"rendered":"Beratungsstelle"},"content":{"rendered":"<h2>\u201eWer die Pflicht hat, Steuern zu zahlen, hat auch das Recht, Steuern zu sparen.\u201c<\/h2>\n<p>Aus diesem Grund schenken uns Vereinsmitglieder seit dem 08.03.2002 ihr Vertrauen.<\/p>\n<p>Die ausf\u00fchrliche und pers\u00f6nliche steuerliche Betreuung der Mitglieder ist unsere St\u00e4rke und die unseres Vereins.<\/p>\n<p>Die Betreuung beginnt mit einer ausf\u00fchrlichen Beratung und geht hin bis zur Bescheidpr\u00fcfung und ggf. Rechtsmittelf\u00fchrung. Dass dies nicht selbstverst\u00e4ndlich ist, zeigt uns die Zufriedenheit unserer Mitglieder.<\/p>\n<p>Hervorheben m\u00f6chten wir, dass unsere Mitglieder ohne Mehrkosten ganzj\u00e4hrigen Anspruch auf steuerliche Beratung haben, bspw. uns bei aktuellen steuerlichen Fragen immer wieder ansprechen k\u00f6nnen.<\/p>\n<p>Ich freue mich auf Ihren Anruf!<\/p>\n<p>Ihr Markus Tewes<\/p>\n<p>Beratungsstellenleiter<\/p>\n<p><em>Gepr\u00fcft durch den ZVL Zertifizierungsverband der Lohnsteuerhilfevereine e. V. (privater Fachverband)(bzw. fr\u00fcher PVL Pr\u00fcfungsverband der LStHV e.V)<\/em><\/p>\n<p><strong>Hier m\u00f6chte ich mich und meine Beratungsstelle in einem kurzen Video vorstellen.<\/strong><\/p>\n\n<div class=\"youtube-embed ye-container\" itemprop=\"video\" itemscope itemtype=\"https:\/\/schema.org\/VideoObject\">\n\t<meta itemprop=\"url\" content=\"https:\/\/www.youtube.com\/v\/MGOX4-1kJJ8\" \/>\n\t<meta itemprop=\"name\" content=\"Startseite\" \/>\n\t<meta itemprop=\"description\" content=\"Startseite\" \/>\n\t<meta itemprop=\"uploadDate\" content=\"2016-05-16T14:02:51+02:00\" \/>\n\t<meta itemprop=\"thumbnailUrl\" content=\"https:\/\/i.ytimg.com\/vi\/MGOX4-1kJJ8\/default.jpg\" \/>\n\t<meta itemprop=\"embedUrl\" content=\"https:\/\/www.youtube.com\/embed\/MGOX4-1kJJ8\" \/>\n\t<meta itemprop=\"height\" content=\"340\" \/>\n\t<meta itemprop=\"width\" content=\"560\" \/>\n\t<iframe style=\"border: 0;\" class=\"youtube-player\" width=\"560\" height=\"340\" src=\"https:\/\/www.youtube.com\/embed\/MGOX4-1kJJ8?rel=0\" allowfullscreen><\/iframe>\n<\/div>\n\n","protected":false},"excerpt":{"rendered":"<p>\u201eWer die Pflicht hat, Steuern zu zahlen, hat auch das Recht, Steuern zu sparen.\u201c Aus diesem Grund schenken uns Vereinsmitglieder seit dem 08.03.2002 ihr Vertrauen. Die ausf\u00fchrliche und pers\u00f6nliche steuerliche Betreuung der<a class=\"moretag\" href=\"https:\/\/www.vlh-bottrop.de\/index.php\/beratungsstelle\/\">Read More&#8230;<\/a><\/p>\n","protected":false},"author":1,"featured_media":0,"parent":0,"menu_order":0,"comment_status":"closed","ping_status":"closed","template":"","meta":{"footnotes":""},"_links":{"self":[{"href":"https:\/\/www.vlh-bottrop.de\/index.php\/wp-json\/wp\/v2\/pages\/9"}],"collection":[{"href":"https:\/\/www.vlh-bottrop.de\/index.php\/wp-json\/wp\/v2\/pages"}],"about":[{"href":"https:\/\/www.vlh-bottrop.de\/index.php\/wp-json\/wp\/v2\/types\/page"}],"author":[{"embeddable":true,"href":"https:\/\/www.vlh-bottrop.de\/index.php\/wp-json\/wp\/v2\/users\/1"}],"replies":[{"embeddable":true,"href":"https:\/\/www.vlh-bottrop.de\/index.php\/wp-json\/wp\/v2\/comments?post=9"}],"version-history":[{"count":11,"href":"https:\/\/www.vlh-bottrop.de\/index.php\/wp-json\/wp\/v2\/pages\/9\/revisions"}],"predecessor-version":[{"id":165,"href":"https:\/\/www.vlh-bottrop.de\/index.php\/wp-json\/wp\/v2\/pages\/9\/revisions\/165"}],"wp:attachment":[{"href":"https:\/\/www.vlh-bottrop.de\/index.php\/wp-json\/wp\/v2\/media?parent=9"}],"curies":[{"name":"wp","href":"https:\/\/api.w.org\/{rel}","templated":true}]}}