{"id":17,"date":"2016-05-16T14:13:57","date_gmt":"2016-05-16T12:13:57","guid":{"rendered":"http:\/\/www.vlh-bottrop.de\/?page_id=17"},"modified":"2023-10-30T15:04:04","modified_gmt":"2023-10-30T14:04:04","slug":"impressum","status":"publish","type":"page","link":"https:\/\/www.vlh-bottrop.de\/index.php\/impressum\/","title":{"rendered":"Impressum"},"content":{"rendered":"<p><strong>Anbieter<br \/>\nLeiter der Beratungsstelle<br \/>\n<\/strong>Diplom-Kaufmann Markus Tewes<\/p>\n<p><strong>Anschrift<br \/>\n<\/strong>Kirchhellener Str. 42<br \/>\n46236 Bottrop<br \/>\n<strong><br \/>\nTelefon<br \/>\n<\/strong>02041-692568<\/p>\n<p><strong>Telefax<\/strong><br \/>\n0321-22772535<\/p>\n<p><strong>E-Mail<\/strong><br \/>\nmarkus.tewes@vlh.de<\/p>\n<p><strong>Webseite<br \/>\n<\/strong>www.vlh-bottrop.de<strong><br \/>\n<\/strong><\/p>\n<p><strong>Zust\u00e4ndige Aufsichtsbeh\u00f6rde f\u00fcr die Beratungsstelle<\/strong><br \/>\nOberfinanzdirektion Nordrhein-Westfalen<br \/>\nRiehler Platz 2<br \/>\n50668 K\u00f6ln<\/p>\n<p><strong>Verantwortlich f\u00fcr die Website nach \u00a7 18 Abs. 2 MStV:<\/strong><br \/>\nMarkus Tewes, Kirchhellener Str. 42, 46236 Bottrop<\/p>\n<p><strong>Bildnachweis:<\/strong><br \/>\n\u00a9 Robert Kneschke &#8211; Fotolia.com<br \/>\n\u00a9 contrastwerkstatt &#8211; Fotolia.com<br \/>\n\u00a9 kantver &#8211; Fotolia.com<br \/>\n\u00a9 xzotica65 &#8211; Fotolia.com<\/p>\n<p><strong>Verbraucherschlichtungsverfahren<\/strong><br \/>\nPlattform der EU-Kommission zur Online-Streitbeilegung: <a href=\"http:\/\/www.ec.europe.eu\/consumers\/odr\" target=\"_blank\" rel=\"noopener\">www.ec.europa.eu\/consumers\/odr<\/a><br \/>\nIch weise nach \u00a7 36 VSBG darauf hin, dass ich nicht an den einschl\u00e4gigen Verbraucherschlichtungsverfahren teilnehme.<\/p>\n<p><strong>Die Beratungsstelle geh\u00f6rt zum:<\/strong><br \/>\nLohnsteuerhilfeverein<br \/>\nVereinigte Lohnsteuerhilfe e.V.<\/p>\n<p><strong>Vertreten durch den Vorstand<br \/>\n<\/strong>Vorstandsvorsitzender J\u00f6rg Str\u00f6tzel (Steuerberater),<br \/>\nAdrian Wei\u00df, Georg Hennings, Uwe Rauh\u00f6ft<\/p>\n<p><strong>Kontakt<br \/>\n<\/strong>Fritz-Voigt-Str. 13, 67433 Neustadt\/Wstr.<br \/>\nPostfach 10 10 50 , 67410 Neustadt\/Wstr.<\/p>\n<p><strong>Telefon<br \/>\n<\/strong>06321-49010<\/p>\n<p><strong>Faxnummer<br \/>\n<\/strong>06321 490149<\/p>\n<p><strong>E-Mail<br \/>\n<\/strong>info@vlh.de<\/p>\n<p><strong>Webseite<\/strong><br \/>\nwww.vlh.de<\/p>\n<p><strong>Registergericht<\/strong><br \/>\nLudwigshafen<br \/>\nVR 40809<\/p>\n<p><strong>Zust\u00e4ndige Aufsichtsbeh\u00f6rde<\/strong><br \/>\nLandesamt f\u00fcr Steuern<br \/>\nFerdinand-Sauerbruch-Str. 17<br \/>\n56073 Koblenz<\/p>\n<p><strong>Umsatzsteuer-ID<\/strong><br \/>\nDE149426142<\/p>\n<p>Bei einer Kontaktaufnahme werden die von Ihnen \u00fcbermittelten Daten zum Zwecke der weiteren Bearbeitung gegebenenfalls auch elektronisch gespeichert. Mit der \u00dcbersendung der Daten erkl\u00e4ren Sie sich hiermit einverstanden. Sollte eine Mitgliedschaft mit unserem Verein nicht zustande kommen, werden die Daten umgehend gel\u00f6scht.<br \/>\nAlle im Lohnsteuerhilfeverein Vereinigte Lohnsteuerhilfe e.V. t\u00e4tigen Steuerberater\/innen sind in der Bundesrepublik Deutschland als Steuerberater\/in zugelassen und haben ihre Berufszulassung ebenfalls in der Bundesrepublik Deutschland erworben. Die Beratungsstellenleiter\/innen, die keine Steuerberater\/innen sind, haben die nach \u00a7 23 StBerG notwendige Qualifikation und wurden von der jeweils zust\u00e4ndigen Aufsichtsbeh\u00f6rde in das Verzeichnis der Lohnsteuerhilfevereine und ihrer Beratungsstellen eingetragen.<\/p>\n<p><strong>Haftpflichtversicherung<\/strong><br \/>\nERGO Versicherung AG<br \/>\nPostfach, 40198 D\u00fcsseldorf<br \/>\nTelefon 0211 4770, Telefax 0211 477-2444<\/p>\n<p><strong>R\u00e4umlicher Geltungsbereich der Haftpflichtversicherung:<\/strong><br \/>\nDer r\u00e4umliche Geltungsbereich des Versicherungsschutzes umfasst T\u00e4tigkeiten in den Mitgliedsl\u00e4ndern der Europ\u00e4ischen Union und gen\u00fcgt so mindestens \u00a7\u00a7 25 Abs. 2, 67 Steuerberatungsgesetz (StBerG), \u00a7\u00a7 51 ff. Verordnung zur Durchf\u00fchrung der Vorschriften \u00fcber Steuerberater, Steuerbevollm\u00e4chtigte und Steuerberatungsgesellschaften (DVStB).<\/p>\n<p>Es gelten die folgenden berufsrechtlichen Regelungen f\u00fcr Lohnsteuerhilfevereine und Steuerberater:<\/p>\n<ul>\n<li>Steuerberatungsgesetz (StBerG)<\/li>\n<li>Durchf\u00fchrungsverordnung zum Steuerberatungsgesetz (DVStB)<\/li>\n<li>Verordnung zur Durchf\u00fchrung der Vorschriften \u00fcber die Lohnsteuerhilfevereine (DVLStHV)<\/li>\n<\/ul>\n<p>Die genannten berufsrechtlichen Vorschriften f\u00fcr Lohnsteuerhilfevereine und Steuerberater sind unter www.bstbk.de (Homepage der Bundessteuerberaterkammer) einsehbar.<\/p>\n","protected":false},"excerpt":{"rendered":"<p>Anbieter Leiter der Beratungsstelle Diplom-Kaufmann Markus Tewes Anschrift Kirchhellener Str. 42 46236 Bottrop Telefon 02041-692568 Telefax 0321-22772535 E-Mail markus.tewes@vlh.de Webseite www.vlh-bottrop.de Zust\u00e4ndige Aufsichtsbeh\u00f6rde f\u00fcr die Beratungsstelle Oberfinanzdirektion Nordrhein-Westfalen Riehler Platz 2 50668<a class=\"moretag\" href=\"https:\/\/www.vlh-bottrop.de\/index.php\/impressum\/\">Read More&#8230;<\/a><\/p>\n","protected":false},"author":1,"featured_media":0,"parent":0,"menu_order":0,"comment_status":"closed","ping_status":"closed","template":"","meta":{"footnotes":""},"_links":{"self":[{"href":"https:\/\/www.vlh-bottrop.de\/index.php\/wp-json\/wp\/v2\/pages\/17"}],"collection":[{"href":"https:\/\/www.vlh-bottrop.de\/index.php\/wp-json\/wp\/v2\/pages"}],"about":[{"href":"https:\/\/www.vlh-bottrop.de\/index.php\/wp-json\/wp\/v2\/types\/page"}],"author":[{"embeddable":true,"href":"https:\/\/www.vlh-bottrop.de\/index.php\/wp-json\/wp\/v2\/users\/1"}],"replies":[{"embeddable":true,"href":"https:\/\/www.vlh-bottrop.de\/index.php\/wp-json\/wp\/v2\/comments?post=17"}],"version-history":[{"count":10,"href":"https:\/\/www.vlh-bottrop.de\/index.php\/wp-json\/wp\/v2\/pages\/17\/revisions"}],"predecessor-version":[{"id":189,"href":"https:\/\/www.vlh-bottrop.de\/index.php\/wp-json\/wp\/v2\/pages\/17\/revisions\/189"}],"wp:attachment":[{"href":"https:\/\/www.vlh-bottrop.de\/index.php\/wp-json\/wp\/v2\/media?parent=17"}],"curies":[{"name":"wp","href":"https:\/\/api.w.org\/{rel}","templated":true}]}}